{"id":199,"date":"2020-02-19T23:14:36","date_gmt":"2020-02-19T23:14:36","guid":{"rendered":"https:\/\/neckar-flug.de\/?post_type=product&#038;p=199"},"modified":"2023-10-19T10:40:58","modified_gmt":"2023-10-19T10:40:58","slug":"gutschein-rundflug-30-minuten","status":"publish","type":"product","link":"https:\/\/neckar-flug.de\/index.php\/product\/gutschein-rundflug-30-minuten\/","title":{"rendered":"Gutschein Rundflug 30 Minuten"},"content":{"rendered":"<style id=\"bwg-style-1790157817\">      #bwg_container1_1790157817 #bwg_container2_1790157817 .image_browser_images_conteiner_1790157817 * {        -moz-box-sizing: border-box;        box-sizing: border-box;      }      #bwg_container1_1790157817 #bwg_container2_1790157817 .image_browser_images_conteiner_1790157817{\t\tbackground-color: rgba(245, 245, 245, 0.90);\t\ttext-align: center;\t\twidth: 100%;\t\tborder-style: none;\t\tborder-width: 2px;\t\tborder-color: #F7F7F7;\t\tpadding: 4px;\t\tborder-radius: 0;\t\tposition:relative;      }      #bwg_container1_1790157817 #bwg_container2_1790157817 .image_browser_images_1790157817 {\t\tdisplay: inline-block;\t\t-moz-box-sizing: border-box;\t\tbox-sizing: border-box;\t\tfont-size: 0;\t\ttext-align: center;\t\tmax-width: 100%;\t\twidth: 800px;      }      #bwg_container1_1790157817 #bwg_container2_1790157817 .image_browser_image_buttons_conteiner_1790157817 {\t\ttext-align: center;      }      #bwg_container1_1790157817 #bwg_container2_1790157817 .image_browser_image_buttons_1790157817 {\t\tdisplay: inline-block;\t\twidth:100%;      }      #bwg_container1_1790157817 #bwg_container2_1790157817 .bwg_image_browser_image_1790157817 {        background-color: rgba(235, 235, 235, 0.80);\t\ttext-align: center;\t\tdisplay: inline-block;\t\tvertical-align: middle;\t\tmargin: 2px auto;\t\tpadding: 4px;\t\tborder-radius: 0;\t\tborder: 1px none #F5F5F5;\t\tbox-shadow: ;\t\t\/*z-index: 100;*\/\t\tposition: relative;      }      #bwg_container1_1790157817 #bwg_container2_1790157817 .bwg_image_alt_1790157817{\t\tdisplay: table;\t\twidth: 100%;\t\tfont-size: 15px;\t\tfont-family: Ubuntu;\t\tcolor: #000000;\t\ttext-align:center;\t\tpadding-left: 8px;        word-break: break-word;      }      #bwg_container1_1790157817 #bwg_container2_1790157817 .bwg_image_browser_img_1790157817 {        padding: 0 !important;\t\tmax-width: 100% !important;\t\theight: inherit !important;\t\twidth: 100%;      }      @media only screen and (max-width : 320px) {\t\t#bwg_container1_1790157817 #bwg_container2_1790157817 .displaying-num_1790157817 {\t\t  display: none;\t\t}\t\t#bwg_container1_1790157817 #bwg_container2_1790157817 .bwg_image_alt_1790157817 {\t\t  font-size: 10px !important;\t\t}\t\t#bwg_container1_1790157817 #bwg_container2_1790157817 .bwg_watermark_text_1790157817,\t\t#bwg_container1_1790157817 #bwg_container2_1790157817 .bwg_watermark_text_1790157817:hover {\t\t  font-size: 10px !important;\t\t  text-decoration: none;\t\t  margin: 4px;\t\t  font-family: Arial;\t\t  color: #FFFFFF !important;\t\t  opacity: 0.30;\t\t  text-decoration: none;\t\t  position: relative;\t\t  z-index: 10141;\t\t}\t\t#bwg_container1_1790157817 #bwg_container2_1790157817 .bwg_image_browser_image_description_1790157817 {\t\t  color: #000000;\t\t  display: table;\t\t  width: 100%;\t\t  text-align: left;\t\t  font-size: 8px !important;\t\t  font-family: Ubuntu;\t\t  padding: 8px 8px 8px 8px;\t\t  \/*word-break: break-all;*\/\t\t  border-style: none;\t\t  background-color: #EBEBEB;\t\t  border-radius: 0;\t\t  border-width: 1px;\t\t}\t\t#bwg_container1_1790157817 #bwg_container2_1790157817 .tablenav-pages_1790157817 a {\t\t  font-size: 10px !important;\t\t}      }      #bwg_container1_1790157817 #bwg_container2_1790157817 .bwg_image_browser_image_desp_1790157817 {\t\t\t\tdisplay: table;\t\t\t\tclear: both;\t\t\t\ttext-align: center;        padding: 0px 5px 0px 5px;\t\t\t\twidth: 100%;      }      #bwg_container1_1790157817 #bwg_container2_1790157817 .bwg_image_browser_image_description_1790157817 {        color: #000000;\t\tdisplay: table;\t\twidth: 100%;\t\ttext-align: left;\t\tfont-size: 15px;\t\tfont-family: Ubuntu;\t\tpadding: 8px 8px 8px 8px;\t\tword-break: break-word;\t\tborder-style: none;\t\tbackground-color: #EBEBEB;\t\tborder-radius: 0;\t\tborder-width: 1px;      }      #bwg_container1_1790157817 #bwg_container2_1790157817 .bwg_image_browser_image_alt_1790157817 {      \tdisplay:table;        clear: both;        text-align: center;        padding: 8px;        width: 100%;      }      \/*watermark*\/      #bwg_container1_1790157817 #bwg_container2_1790157817 .bwg_watermark_text_1790157817,      #bwg_container1_1790157817 #bwg_container2_1790157817 .bwg_watermark_text_1790157817:hover {        text-decoration: none;        margin: 4px;        font-size: 20px;        font-family: Arial;        color: #FFFFFF !important;        opacity: 0.30;        position: relative;        z-index: 10141;      }      #bwg_container1_1790157817 #bwg_container2_1790157817 .bwg_image_browser_image_contain_1790157817{        position: absolute;        text-align: center;        vertical-align: middle;        width: 100%;        height: 100%;        cursor: pointer;      }      #bwg_container1_1790157817 #bwg_container2_1790157817 .bwg_image_browser_watermark_contain_1790157817{        display: table;        vertical-align: middle;        width: 100%;        height: 100%;      }\t       #bwg_container1_1790157817 #bwg_container2_1790157817 .bwg_image_browser_watermark_cont_1790157817{        display: table-cell;        text-align: ;        position: relative;        vertical-align: ;      }      #bwg_container1_1790157817 #bwg_container2_1790157817 .bwg_image_browser_watermark_1790157817{\t\tdisplay: inline-block;\t\toverflow: hidden;\t\tposition: relative;\t\tvertical-align: middle;\t\tz-index: 10140;\t\twidth: 90px;\t\tmax-width: 11.25%;\t\tmargin: 10px 10px 10px 10px ;      }      #bwg_container1_1790157817 #bwg_container2_1790157817 .bwg_image_browser_watermark_text_1790157817{        display: inline-block;\t\toverflow: hidden;\t\tposition: relative;\t\tvertical-align: middle;\t\tz-index: 10140;\t\tmargin: 10px 10px 10px 10px;      }      #bwg_container1_1790157817 #bwg_container2_1790157817 .bwg_image_browser_watermark_img_1790157817{        max-width: 100%;        opacity: 0.30;        position: relative;        z-index: 10141;      }      #bwg_container1_1790157817 #bwg_container2_1790157817 .bwg_none_selectable {        -webkit-touch-callout: none;        -webkit-user-select: none;        -khtml-user-select: none;        -moz-user-select: none;        -ms-user-select: none;        user-select: none;       ecoration: none;    }    #bwg_container1_1790157817 #bwg_container2_1790157817 .bwg_gal_title_1790157817 {      background-color: rgba(0, 0, 0, 0);      color: #323A45;      display: block;      font-family: Ubuntu;      font-size: 16px;      font-weight: bold;      padding: 2px;      text-shadow: 0px 0px 0px #888888;      text-align: center;    }    <\/style>\n<form id=\"gal_front_form_1790157817\" action=\"#\" method=\"post\" data-current=\"1790157817\" data-shortcode-id=\"2\" data-gallery-type=\"image_browser\" data-gallery-id=\"1\" data-tag=\"0\" data-album-id=\"0\" data-theme-id=\"1\" data-ajax-url=\"https:\/\/neckar-flug.de\/wp-admin\/admin-ajax.php?action=bwg_frontend_data\">IMG_0323 <a style=\"position: relative;\"> <img decoding=\"async\" src=\"https:\/\/neckar-flug.de\/wp-content\/uploads\/photo-gallery\/imported_from_media_libray\/IMG_0323-scaled.jpg?bwg=1582145604\" alt=\"IMG_0323\" data-original=\"https:\/\/neckar-flug.de\/wp-content\/uploads\/photo-gallery\/imported_from_media_libray\/IMG_0323-scaled.jpg?bwg=1582145604\" \/> <\/a> Aperture: 2.2Camera: iPhone 7 PlusIso: 25Copyright: \u00a9 Nils Beckmann<\/p>\n<style>      \/*pagination styles*\/      #bwg_container1_1790157817 #bwg_container2_1790157817 .tablenav-pages_1790157817 {      text-align: center;      font-size: 12px;      font-family: Ubuntu;      font-weight: bold;      color: #666666;      margin: 6px 0 4px;      display: block;      height: 30px;      line-height: 30px;      }      @media only screen and (max-width : 320px) {      #bwg_container1_1790157817 #bwg_container2_1790157817 .displaying-num_1790157817 {      display: none;      }      }      #bwg_container1_1790157817 #bwg_container2_1790157817 .displaying-num_1790157817 {      font-size: 12px;      font-family: Ubuntu;      font-weight: bold;      color: #666666;      margin-right: 10px;      vertical-align: middle;      }      #bwg_container1_1790157817 #bwg_container2_1790157817 .paging-input_1790157817 {      font-size: 12px;      font-family: Ubuntu;      font-weight: bold;      color: #666666;      vertical-align: middle;      }      #bwg_container1_1790157817 #bwg_container2_1790157817 .tablenav-pages_1790157817 a.disabled,      #bwg_container1_1790157817 #bwg_container2_1790157817 .tablenav-pages_1790157817 a.disabled:hover,      #bwg_container1_1790157817 #bwg_container2_1790157817 .tablenav-pages_1790157817 a.disabled:focus {      cursor: default;      color: rgba(102, 102, 102, 0.5);      }      #bwg_container1_1790157817 #bwg_container2_1790157817 .tablenav-pages_1790157817 a {      cursor: pointer;      font-size: 12px;      font-family: Ubuntu;      font-weight: bold;      color: #666666;      text-decoration: none;      padding: 3px 6px;      margin: 0;      border-radius: 0;      border-style: solid;      border-width: 1px;      border-color: #E3E3E3;      background-color: #FFFFFF;      opacity: 1.00;      box-shadow: 0;      transition: all 0.3s ease 0s;-webkit-transition: all 0.3s ease 0s;      }            #bwg_container1_1790157817 #bwg_container2_1790157817 .tablenav-pages_1790157817 a.next-page:hover,      #bwg_container1_1790157817 #bwg_container2_1790157817 .tablenav-pages_1790157817 a.prev-page:hover {        color: #000000;      }      #bwg_container1_1790157817 #bwg_container2_1790157817 .tablenav-pages_1790157817 .first-page,      #bwg_container1_1790157817 #bwg_container2_1790157817 .tablenav-pages_1790157817 .last-page {        padding: 0% 7%;      }      #bwg_container1_1790157817 #bwg_container2_1790157817 .tablenav-pages_1790157817 .next-page {        margin: 0% 4% 0% 0%;      }      #bwg_container1_1790157817 #bwg_container2_1790157817 .tablenav-pages_1790157817 .prev-page {        margin: 0% 0% 0% 4%;      }      #bwg_container1_1790157817 #bwg_container2_1790157817 .tablenav-pages_1790157817 a {        font-size: 15px !important;        padding: 0% 7% !important;        border-style: none !important;        border-width: 1px;        border-color: #E3E3E3;        background-color: #FFFFFF;        opacity: 1.00;        transition: all 0.3s ease 0s;-webkit-transition: all 0.3s ease 0s;      }      #bwg_container1_1790157817 #bwg_container2_1790157817 .tablenav-pages_1790157817 {        background-color: rgba(245, 245, 245, 0.90);        margin-top: 0;      }      <\/style>\n<p><a title=\"Zur ersten Seite\">\u00ab<\/a> <a title=\"Zur vorherigen Seite\">\u2039<\/a> 1 von 18 <a title=\"Zur n\u00e4chsten Seite\" href=\"\/wp-admin\/admin-ajax.php?page_number_1790157817=2\">\u203a<\/a> <a title=\"Zur letzten Seite\" href=\"\/wp-admin\/admin-ajax.php?page_number_1790157817=18\">\u00bb<\/a> <input id=\"page_number_1790157817\" name=\"page_number_1790157817\" type=\"hidden\" value=\"1\" \/><\/p>\n<\/form>\n","protected":false},"excerpt":{"rendered":"<p>Gutschein \u00fcber ein Rundflugerlebnis mit einem Ultraleichtflugzeug \u00fcber eine Flugzeit von 45 Minuten.<br \/>\nFlugplatz Mosbach-Lohrbach.<br \/>\nG\u00fcltigkeit: 3 Jahre<br \/>\nTermin: Nach Vereinbarung<\/p>\n","protected":false},"featured_media":25,"comment_status":"open","ping_status":"closed","template":"","meta":{"ocean_post_layout":"","ocean_both_sidebars_style":"","ocean_both_sidebars_content_width":0,"ocean_both_sidebars_sidebars_width":0,"ocean_sidebar":"0","ocean_second_sidebar":"0","ocean_disable_margins":"enable","ocean_add_body_class":"","ocean_shortcode_before_top_bar":"","ocean_shortcode_after_top_bar":"","ocean_shortcode_before_header":"","ocean_shortcode_after_header":"","ocean_has_shortcode":"","ocean_shortcode_after_title":"","ocean_shortcode_before_footer_widgets":"","ocean_shortcode_after_footer_widgets":"","ocean_shortcode_before_footer_bottom":"","ocean_shortcode_after_footer_bottom":"","ocean_display_top_bar":"default","ocean_display_header":"default","ocean_header_style":"","ocean_center_header_left_menu":"0","ocean_custom_header_template":"0","ocean_custom_logo":0,"ocean_custom_retina_logo":0,"ocean_custom_logo_max_width":0,"ocean_custom_logo_tablet_max_width":0,"ocean_custom_logo_mobile_max_width":0,"ocean_custom_logo_max_height":0,"ocean_custom_logo_tablet_max_height":0,"ocean_custom_logo_mobile_max_height":0,"ocean_header_custom_menu":"0","ocean_menu_typo_font_family":"0","ocean_menu_typo_font_subset":"","ocean_menu_typo_font_size":0,"ocean_menu_typo_font_size_tablet":0,"ocean_menu_typo_font_size_mobile":0,"ocean_menu_typo_font_size_unit":"px","ocean_menu_typo_font_weight":"","ocean_menu_typo_font_weight_tablet":"","ocean_menu_typo_font_weight_mobile":"","ocean_menu_typo_transform":"","ocean_menu_typo_transform_tablet":"","ocean_menu_typo_transform_mobile":"","ocean_menu_typo_line_height":0,"ocean_menu_typo_line_height_tablet":0,"ocean_menu_typo_line_height_mobile":0,"ocean_menu_typo_line_height_unit":"","ocean_menu_typo_spacing":0,"ocean_menu_typo_spacing_tablet":0,"ocean_menu_typo_spacing_mobile":0,"ocean_menu_typo_spacing_unit":"","ocean_menu_link_color":"","ocean_menu_link_color_hover":"","ocean_menu_link_color_active":"","ocean_menu_link_background":"","ocean_menu_link_hover_background":"","ocean_menu_link_active_background":"","ocean_menu_social_links_bg":"","ocean_menu_social_hover_links_bg":"","ocean_menu_social_links_color":"","ocean_menu_social_hover_links_color":"","ocean_disable_title":"default","ocean_disable_heading":"default","ocean_post_title":"","ocean_post_subheading":"","ocean_post_title_style":"","ocean_post_title_background_color":"","ocean_post_title_background":0,"ocean_post_title_bg_image_position":"","ocean_post_title_bg_image_attachment":"","ocean_post_title_bg_image_repeat":"","ocean_post_title_bg_image_size":"","ocean_post_title_height":0,"ocean_post_title_bg_overlay":0.5,"ocean_post_title_bg_overlay_color":"","ocean_disable_breadcrumbs":"default","ocean_breadcrumbs_color":"","ocean_breadcrumbs_separator_color":"","ocean_breadcrumbs_links_color":"","ocean_breadcrumbs_links_hover_color":"","ocean_display_footer_widgets":"default","ocean_display_footer_bottom":"default","ocean_custom_footer_template":"0"},"product_brand":[],"product_cat":[17],"product_tag":[],"class_list":{"0":"post-199","1":"product","2":"type-product","3":"status-publish","4":"has-post-thumbnail","6":"product_cat-dienstleistungen","8":"entry","9":"has-media","11":"first","12":"instock","13":"taxable","14":"shipping-taxable","15":"purchasable","16":"product-type-simple","17":"has-rating","18":"has-product-nav","19":"col","20":"span_1_of_4","21":"owp-content-center","22":"owp-thumbs-layout-horizontal","23":"owp-btn-big","24":"owp-tabs-layout-horizontal","25":"has-no-thumbnails","27":"circle-sale"},"yoast_head":"<!-- This site is optimized with the Yoast SEO plugin v27.5 - https:\/\/yoast.com\/product\/yoast-seo-wordpress\/ -->\n<title>Gutschein Rundflug 30 Minuten - Neckar-Flug.de Rundfl\u00fcge, Lufttaxi, Luftbilder<\/title>\n<meta name=\"description\" content=\"Gutschein \u00fcber ein unvergessliches Flugerlebnis im Ultraleichtflugzeug \u00fcber Heilbronn, Odenwald und Umgebung. Flugzeit 30 Minuten.\" \/>\n<meta name=\"robots\" content=\"index, follow, max-snippet:-1, max-image-preview:large, max-video-preview:-1\" \/>\n<link rel=\"canonical\" href=\"https:\/\/neckar-flug.de\/index.php\/product\/gutschein-rundflug-30-minuten\/\" \/>\n<meta property=\"og:locale\" content=\"de_DE\" \/>\n<meta property=\"og:type\" content=\"article\" \/>\n<meta property=\"og:title\" content=\"Gutschein Rundflug 30 Minuten - Neckar-Flug.de Rundfl\u00fcge, Lufttaxi, Luftbilder\" \/>\n<meta property=\"og:description\" content=\"Gutschein \u00fcber ein unvergessliches Flugerlebnis im Ultraleichtflugzeug \u00fcber Heilbronn, Odenwald und Umgebung. Flugzeit 30 Minuten.\" \/>\n<meta property=\"og:url\" content=\"https:\/\/neckar-flug.de\/index.php\/product\/gutschein-rundflug-30-minuten\/\" \/>\n<meta property=\"og:site_name\" content=\"Neckar-Flug.de Rundfl\u00fcge, Lufttaxi, Luftbilder\" \/>\n<meta property=\"article:publisher\" content=\"https:\/\/facebook.com\/neckarflug\" \/>\n<meta property=\"article:modified_time\" content=\"2023-10-19T10:40:58+00:00\" \/>\n<meta property=\"og:image\" content=\"https:\/\/neckar-flug.de\/wp-content\/uploads\/2020\/02\/IMG_4164-scaled.jpg\" \/>\n\t<meta property=\"og:image:width\" content=\"1923\" \/>\n\t<meta property=\"og:image:height\" content=\"2560\" \/>\n\t<meta property=\"og:image:type\" content=\"image\/jpeg\" \/>\n<meta name=\"twitter:card\" content=\"summary_large_image\" \/>\n<meta name=\"twitter:site\" content=\"@nils_c_beckmann\" \/>\n<script type=\"application\/ld+json\" class=\"yoast-schema-graph\">{\"@context\":\"https:\\\/\\\/schema.org\",\"@graph\":[{\"@type\":\"WebPage\",\"@id\":\"https:\\\/\\\/neckar-flug.de\\\/index.php\\\/product\\\/gutschein-rundflug-30-minuten\\\/\",\"url\":\"https:\\\/\\\/neckar-flug.de\\\/index.php\\\/product\\\/gutschein-rundflug-30-minuten\\\/\",\"name\":\"Gutschein Rundflug 30 Minuten - Neckar-Flug.de Rundfl\u00fcge, Lufttaxi, Luftbilder\",\"isPartOf\":{\"@id\":\"https:\\\/\\\/neckar-flug.de\\\/#website\"},\"primaryImageOfPage\":{\"@id\":\"https:\\\/\\\/neckar-flug.de\\\/index.php\\\/product\\\/gutschein-rundflug-30-minuten\\\/#primaryimage\"},\"image\":{\"@id\":\"https:\\\/\\\/neckar-flug.de\\\/index.php\\\/product\\\/gutschein-rundflug-30-minuten\\\/#primaryimage\"},\"thumbnailUrl\":\"https:\\\/\\\/neckar-flug.de\\\/wp-content\\\/uploads\\\/2020\\\/02\\\/IMG_4164-scaled.jpg\",\"datePublished\":\"2020-02-19T23:14:36+00:00\",\"dateModified\":\"2023-10-19T10:40:58+00:00\",\"description\":\"Gutschein \u00fcber ein unvergessliches Flugerlebnis im Ultraleichtflugzeug \u00fcber Heilbronn, Odenwald und Umgebung. Flugzeit 30 Minuten.\",\"breadcrumb\":{\"@id\":\"https:\\\/\\\/neckar-flug.de\\\/index.php\\\/product\\\/gutschein-rundflug-30-minuten\\\/#breadcrumb\"},\"inLanguage\":\"de\",\"potentialAction\":[{\"@type\":\"ReadAction\",\"target\":[\"https:\\\/\\\/neckar-flug.de\\\/index.php\\\/product\\\/gutschein-rundflug-30-minuten\\\/\"]}]},{\"@type\":\"ImageObject\",\"inLanguage\":\"de\",\"@id\":\"https:\\\/\\\/neckar-flug.de\\\/index.php\\\/product\\\/gutschein-rundflug-30-minuten\\\/#primaryimage\",\"url\":\"https:\\\/\\\/neckar-flug.de\\\/wp-content\\\/uploads\\\/2020\\\/02\\\/IMG_4164-scaled.jpg\",\"contentUrl\":\"https:\\\/\\\/neckar-flug.de\\\/wp-content\\\/uploads\\\/2020\\\/02\\\/IMG_4164-scaled.jpg\",\"width\":1923,\"height\":2560},{\"@type\":\"BreadcrumbList\",\"@id\":\"https:\\\/\\\/neckar-flug.de\\\/index.php\\\/product\\\/gutschein-rundflug-30-minuten\\\/#breadcrumb\",\"itemListElement\":[{\"@type\":\"ListItem\",\"position\":1,\"name\":\"Home\",\"item\":\"https:\\\/\\\/neckar-flug.de\\\/\"},{\"@type\":\"ListItem\",\"position\":2,\"name\":\"Shop\",\"item\":\"https:\\\/\\\/neckar-flug.de\\\/index.php\\\/shop\\\/\"},{\"@type\":\"ListItem\",\"position\":3,\"name\":\"Gutschein Rundflug 30 Minuten\"}]},{\"@type\":\"WebSite\",\"@id\":\"https:\\\/\\\/neckar-flug.de\\\/#website\",\"url\":\"https:\\\/\\\/neckar-flug.de\\\/\",\"name\":\"Neckar-Flug.de Rundfl\u00fcge, Lufttaxi, Luftbilder, Luftcourir\",\"description\":\"Flugerlebnisse f\u00fcr ganz besondere Menschen\",\"publisher\":{\"@id\":\"https:\\\/\\\/neckar-flug.de\\\/#organization\"},\"potentialAction\":[{\"@type\":\"SearchAction\",\"target\":{\"@type\":\"EntryPoint\",\"urlTemplate\":\"https:\\\/\\\/neckar-flug.de\\\/?s={search_term_string}\"},\"query-input\":{\"@type\":\"PropertyValueSpecification\",\"valueRequired\":true,\"valueName\":\"search_term_string\"}}],\"inLanguage\":\"de\"},{\"@type\":\"Organization\",\"@id\":\"https:\\\/\\\/neckar-flug.de\\\/#organization\",\"name\":\"Neckar-Flug.de\",\"url\":\"https:\\\/\\\/neckar-flug.de\\\/\",\"logo\":{\"@type\":\"ImageObject\",\"inLanguage\":\"de\",\"@id\":\"https:\\\/\\\/neckar-flug.de\\\/#\\\/schema\\\/logo\\\/image\\\/\",\"url\":\"https:\\\/\\\/neckar-flug.de\\\/wp-content\\\/uploads\\\/2020\\\/02\\\/cropped-Logo08-orange-1.png\",\"contentUrl\":\"https:\\\/\\\/neckar-flug.de\\\/wp-content\\\/uploads\\\/2020\\\/02\\\/cropped-Logo08-orange-1.png\",\"width\":5258,\"height\":3880,\"caption\":\"Neckar-Flug.de\"},\"image\":{\"@id\":\"https:\\\/\\\/neckar-flug.de\\\/#\\\/schema\\\/logo\\\/image\\\/\"},\"sameAs\":[\"https:\\\/\\\/facebook.com\\\/neckarflug\",\"https:\\\/\\\/x.com\\\/nils_c_beckmann\",\"https:\\\/\\\/instagram.com\\\/nils_c_beckmann\",\"https:\\\/\\\/www.youtube.com\\\/watch?v=zBIDjAjOCsU&amp;amp;amp;amp;amp;amp;list=PLyuuMPJeylxV6p8dUX1Ci4xobMnETVbao\"]}]}<\/script>\n<!-- \/ Yoast SEO plugin. -->","yoast_head_json":{"title":"Gutschein Rundflug 30 Minuten - Neckar-Flug.de Rundfl\u00fcge, Lufttaxi, Luftbilder","description":"Gutschein \u00fcber ein unvergessliches Flugerlebnis im Ultraleichtflugzeug \u00fcber Heilbronn, Odenwald und Umgebung. Flugzeit 30 Minuten.","robots":{"index":"index","follow":"follow","max-snippet":"max-snippet:-1","max-image-preview":"max-image-preview:large","max-video-preview":"max-video-preview:-1"},"canonical":"https:\/\/neckar-flug.de\/index.php\/product\/gutschein-rundflug-30-minuten\/","og_locale":"de_DE","og_type":"article","og_title":"Gutschein Rundflug 30 Minuten - Neckar-Flug.de Rundfl\u00fcge, Lufttaxi, Luftbilder","og_description":"Gutschein \u00fcber ein unvergessliches Flugerlebnis im Ultraleichtflugzeug \u00fcber Heilbronn, Odenwald und Umgebung. Flugzeit 30 Minuten.","og_url":"https:\/\/neckar-flug.de\/index.php\/product\/gutschein-rundflug-30-minuten\/","og_site_name":"Neckar-Flug.de Rundfl\u00fcge, Lufttaxi, Luftbilder","article_publisher":"https:\/\/facebook.com\/neckarflug","article_modified_time":"2023-10-19T10:40:58+00:00","og_image":[{"width":1923,"height":2560,"url":"https:\/\/neckar-flug.de\/wp-content\/uploads\/2020\/02\/IMG_4164-scaled.jpg","type":"image\/jpeg"}],"twitter_card":"summary_large_image","twitter_site":"@nils_c_beckmann","schema":{"@context":"https:\/\/schema.org","@graph":[{"@type":"WebPage","@id":"https:\/\/neckar-flug.de\/index.php\/product\/gutschein-rundflug-30-minuten\/","url":"https:\/\/neckar-flug.de\/index.php\/product\/gutschein-rundflug-30-minuten\/","name":"Gutschein Rundflug 30 Minuten - Neckar-Flug.de Rundfl\u00fcge, Lufttaxi, Luftbilder","isPartOf":{"@id":"https:\/\/neckar-flug.de\/#website"},"primaryImageOfPage":{"@id":"https:\/\/neckar-flug.de\/index.php\/product\/gutschein-rundflug-30-minuten\/#primaryimage"},"image":{"@id":"https:\/\/neckar-flug.de\/index.php\/product\/gutschein-rundflug-30-minuten\/#primaryimage"},"thumbnailUrl":"https:\/\/neckar-flug.de\/wp-content\/uploads\/2020\/02\/IMG_4164-scaled.jpg","datePublished":"2020-02-19T23:14:36+00:00","dateModified":"2023-10-19T10:40:58+00:00","description":"Gutschein \u00fcber ein unvergessliches Flugerlebnis im Ultraleichtflugzeug \u00fcber Heilbronn, Odenwald und Umgebung. Flugzeit 30 Minuten.","breadcrumb":{"@id":"https:\/\/neckar-flug.de\/index.php\/product\/gutschein-rundflug-30-minuten\/#breadcrumb"},"inLanguage":"de","potentialAction":[{"@type":"ReadAction","target":["https:\/\/neckar-flug.de\/index.php\/product\/gutschein-rundflug-30-minuten\/"]}]},{"@type":"ImageObject","inLanguage":"de","@id":"https:\/\/neckar-flug.de\/index.php\/product\/gutschein-rundflug-30-minuten\/#primaryimage","url":"https:\/\/neckar-flug.de\/wp-content\/uploads\/2020\/02\/IMG_4164-scaled.jpg","contentUrl":"https:\/\/neckar-flug.de\/wp-content\/uploads\/2020\/02\/IMG_4164-scaled.jpg","width":1923,"height":2560},{"@type":"BreadcrumbList","@id":"https:\/\/neckar-flug.de\/index.php\/product\/gutschein-rundflug-30-minuten\/#breadcrumb","itemListElement":[{"@type":"ListItem","position":1,"name":"Home","item":"https:\/\/neckar-flug.de\/"},{"@type":"ListItem","position":2,"name":"Shop","item":"https:\/\/neckar-flug.de\/index.php\/shop\/"},{"@type":"ListItem","position":3,"name":"Gutschein Rundflug 30 Minuten"}]},{"@type":"WebSite","@id":"https:\/\/neckar-flug.de\/#website","url":"https:\/\/neckar-flug.de\/","name":"Neckar-Flug.de Rundfl\u00fcge, Lufttaxi, Luftbilder, Luftcourir","description":"Flugerlebnisse f\u00fcr ganz besondere Menschen","publisher":{"@id":"https:\/\/neckar-flug.de\/#organization"},"potentialAction":[{"@type":"SearchAction","target":{"@type":"EntryPoint","urlTemplate":"https:\/\/neckar-flug.de\/?s={search_term_string}"},"query-input":{"@type":"PropertyValueSpecification","valueRequired":true,"valueName":"search_term_string"}}],"inLanguage":"de"},{"@type":"Organization","@id":"https:\/\/neckar-flug.de\/#organization","name":"Neckar-Flug.de","url":"https:\/\/neckar-flug.de\/","logo":{"@type":"ImageObject","inLanguage":"de","@id":"https:\/\/neckar-flug.de\/#\/schema\/logo\/image\/","url":"https:\/\/neckar-flug.de\/wp-content\/uploads\/2020\/02\/cropped-Logo08-orange-1.png","contentUrl":"https:\/\/neckar-flug.de\/wp-content\/uploads\/2020\/02\/cropped-Logo08-orange-1.png","width":5258,"height":3880,"caption":"Neckar-Flug.de"},"image":{"@id":"https:\/\/neckar-flug.de\/#\/schema\/logo\/image\/"},"sameAs":["https:\/\/facebook.com\/neckarflug","https:\/\/x.com\/nils_c_beckmann","https:\/\/instagram.com\/nils_c_beckmann","https:\/\/www.youtube.com\/watch?v=zBIDjAjOCsU&amp;amp;amp;amp;amp;amp;list=PLyuuMPJeylxV6p8dUX1Ci4xobMnETVbao"]}]}},"jetpack_sharing_enabled":true,"_links":{"self":[{"href":"https:\/\/neckar-flug.de\/index.php\/wp-json\/wp\/v2\/product\/199","targetHints":{"allow":["GET"]}}],"collection":[{"href":"https:\/\/neckar-flug.de\/index.php\/wp-json\/wp\/v2\/product"}],"about":[{"href":"https:\/\/neckar-flug.de\/index.php\/wp-json\/wp\/v2\/types\/product"}],"replies":[{"embeddable":true,"href":"https:\/\/neckar-flug.de\/index.php\/wp-json\/wp\/v2\/comments?post=199"}],"wp:featuredmedia":[{"embeddable":true,"href":"https:\/\/neckar-flug.de\/index.php\/wp-json\/wp\/v2\/media\/25"}],"wp:attachment":[{"href":"https:\/\/neckar-flug.de\/index.php\/wp-json\/wp\/v2\/media?parent=199"}],"wp:term":[{"taxonomy":"product_brand","embeddable":true,"href":"https:\/\/neckar-flug.de\/index.php\/wp-json\/wp\/v2\/product_brand?post=199"},{"taxonomy":"product_cat","embeddable":true,"href":"https:\/\/neckar-flug.de\/index.php\/wp-json\/wp\/v2\/product_cat?post=199"},{"taxonomy":"product_tag","embeddable":true,"href":"https:\/\/neckar-flug.de\/index.php\/wp-json\/wp\/v2\/product_tag?post=199"}],"curies":[{"name":"wp","href":"https:\/\/api.w.org\/{rel}","templated":true}]}}