{"id":2,"date":"2020-02-17T08:34:43","date_gmt":"2020-02-17T08:34:43","guid":{"rendered":"https:\/\/neckar-flug.de\/?page_id=2"},"modified":"2022-01-30T16:06:31","modified_gmt":"2022-01-30T16:06:31","slug":"sample-page","status":"publish","type":"page","link":"https:\/\/neckar-flug.de\/","title":{"rendered":"Neckar-Flug"},"content":{"rendered":"<p>Freude schenken, das perfekte <b>Ostergeschenk<\/b>.<\/p>\n<p>Einen Rundflug mit der Pioneer 300 \u00fcber Neckar- und Rheintal ist ein unvergessliches Erlebnis.<\/p>\n<h2>Mehrt\u00e4giges Dauergrinsen inklusive \ud83d\ude42<\/h2>\n<p>\t\t\t\t\t\t\t\t\t\t\t\t<img decoding=\"async\" src=\"https:\/\/neckar-flug.de\/wp-content\/uploads\/elementor\/thumbs\/423ED487-A293-428B-9A84-FEDACFB3898C-oz0s6kwwhip35ev5rr4cqliq88xvi349mdyvck6zc0.jpeg\" title=\"423ED487-A293-428B-9A84-FEDACFB3898C\" alt=\"423ED487-A293-428B-9A84-FEDACFB3898C\" \/>\t\t\t\t\t\t\t\t\t\t\t\t\t\t<\/p>\n<h2>Gutschein hier bestellen &#8211; Lieferzeit 3 Tage<\/h2>\n<h2>Willkommen bei Neckar-Flug.de<\/h2>\n<p>Sie haben schon immer vom Fliegen getr\u00e4umt? Frei, wie ein Vogel, im Cockpit eines Ultraleichtflugzeugs \u00fcber Ihr Haus und die Umgebung zu fliegen, ist f\u00fcr jeden ein ganz besonderes Erlebnis. Neckar-Flug.de bietet Ihnen oder Ihren Freunden dieses Erlebnis. Sie k\u00f6nnen gleich hier und jetzt einen Gutschein \u00fcber einen Rundflug oder ein anderes Flugerlebnis kaufen und ihn gleich verschenken. Dann vereinbaren wir einen Termin. Entweder sofort oder Sie lassen sich bis zu drei Jahren Zeit. Ganz wie Sie es m\u00f6chten. Die Flugdauer und Flugstrecke bestimmen Sie, aber wir beraten Sie bei der Route gerne. Weil Sicherheit bei uns oberste Priorit\u00e4t hat, fliegen wir nur bei gutem Wetter und in der Regel an Wochenenden. Bisher sind bei uns noch alle Passagiere mit einem breiten Dauergrinsen ausgestiegen, was oft noch Tage lang angehalten hat. Probieren Sie es auch mal aus. Mit einer Pioneer 300, einem der sch\u00f6nsten Ultraleichtflugzeuge \u00fcberhaupt, ab dem Flugplatz Mosbach-Lohrbach.<\/p>\n<h2>Ein paar Impressionen<\/h2>\n<p>\t\t\t\t\t\t\t\t<a data-elementor-open-lightbox=\"yes\" data-elementor-lightbox-slideshow=\"0af58bf\" data-elementor-lightbox-title=\"7d0e9214-5925-4930-ae93-f5304d93ef1c\" href=\"https:\/\/neckar-flug.de\/wp-content\/uploads\/2020\/02\/7d0e9214-5925-4930-ae93-f5304d93ef1c.jpg\"><\/p>\n<figure><img decoding=\"async\" src=\"https:\/\/neckar-flug.de\/wp-content\/uploads\/2020\/02\/7d0e9214-5925-4930-ae93-f5304d93ef1c-262x300.jpg\" alt=\"7d0e9214-5925-4930-ae93-f5304d93ef1c\" \/><\/figure>\n<p><\/a><a data-elementor-open-lightbox=\"yes\" data-elementor-lightbox-slideshow=\"0af58bf\" data-elementor-lightbox-title=\"130b90bc-316c-4de3-b539-31b536d2b7f2\" href=\"https:\/\/neckar-flug.de\/wp-content\/uploads\/2020\/02\/130b90bc-316c-4de3-b539-31b536d2b7f2.jpg\"><\/p>\n<figure><img decoding=\"async\" src=\"https:\/\/neckar-flug.de\/wp-content\/uploads\/2020\/02\/130b90bc-316c-4de3-b539-31b536d2b7f2-225x300.jpg\" alt=\"130b90bc-316c-4de3-b539-31b536d2b7f2\" \/><\/figure>\n<p><\/a><a data-elementor-open-lightbox=\"yes\" data-elementor-lightbox-slideshow=\"0af58bf\" data-elementor-lightbox-title=\"0ae5585f-274e-4ebf-85bd-b69ab84677e4\" href=\"https:\/\/neckar-flug.de\/wp-content\/uploads\/2020\/02\/0ae5585f-274e-4ebf-85bd-b69ab84677e4.jpg\"><\/p>\n<figure><img decoding=\"async\" src=\"https:\/\/neckar-flug.de\/wp-content\/uploads\/2020\/02\/0ae5585f-274e-4ebf-85bd-b69ab84677e4-225x300.jpg\" alt=\"0ae5585f-274e-4ebf-85bd-b69ab84677e4\" \/><\/figure>\n<p><\/a><a data-elementor-open-lightbox=\"yes\" data-elementor-lightbox-slideshow=\"0af58bf\" data-elementor-lightbox-title=\"IMG_0025\" href=\"https:\/\/neckar-flug.de\/wp-content\/uploads\/2020\/02\/IMG_0025-scaled.jpg\"><\/p>\n<figure><img decoding=\"async\" src=\"https:\/\/neckar-flug.de\/wp-content\/uploads\/2020\/02\/IMG_0025-225x300.jpg\" alt=\"IMG_0025\" \/><\/figure>\n<p><\/a><a data-elementor-open-lightbox=\"yes\" data-elementor-lightbox-slideshow=\"0af58bf\" data-elementor-lightbox-title=\"ec439d79-5279-461e-a229-c3bd8f219b73\" href=\"https:\/\/neckar-flug.de\/wp-content\/uploads\/2020\/02\/ec439d79-5279-461e-a229-c3bd8f219b73.jpg\"><\/p>\n<figure><img decoding=\"async\" src=\"https:\/\/neckar-flug.de\/wp-content\/uploads\/2020\/02\/ec439d79-5279-461e-a229-c3bd8f219b73-225x300.jpg\" alt=\"ec439d79-5279-461e-a229-c3bd8f219b73\" \/><\/figure>\n<p><\/a><a data-elementor-open-lightbox=\"yes\" data-elementor-lightbox-slideshow=\"0af58bf\" data-elementor-lightbox-title=\"NCB01062\" href=\"https:\/\/neckar-flug.de\/wp-content\/uploads\/2020\/02\/NCB01062-scaled.jpg\"><\/p>\n<figure><img decoding=\"async\" src=\"https:\/\/neckar-flug.de\/wp-content\/uploads\/2020\/02\/NCB01062-300x157.jpg\" alt=\"NCB01062\" \/><\/figure>\n<p><\/a><a data-elementor-open-lightbox=\"yes\" data-elementor-lightbox-slideshow=\"0af58bf\" data-elementor-lightbox-title=\"3d427765-efc3-4887-b0f4-ca2fef9aa43f\" href=\"https:\/\/neckar-flug.de\/wp-content\/uploads\/2020\/02\/3d427765-efc3-4887-b0f4-ca2fef9aa43f.jpg\"><\/p>\n<figure><img decoding=\"async\" src=\"https:\/\/neckar-flug.de\/wp-content\/uploads\/2020\/02\/3d427765-efc3-4887-b0f4-ca2fef9aa43f-225x300.jpg\" alt=\"3d427765-efc3-4887-b0f4-ca2fef9aa43f\" \/><\/figure>\n<p><\/a><a data-elementor-open-lightbox=\"yes\" data-elementor-lightbox-slideshow=\"0af58bf\" data-elementor-lightbox-title=\"IMG_8309\" href=\"https:\/\/neckar-flug.de\/wp-content\/uploads\/2020\/02\/IMG_8309-scaled.jpg\"><\/p>\n<figure><img decoding=\"async\" src=\"https:\/\/neckar-flug.de\/wp-content\/uploads\/2020\/02\/IMG_8309-300x194.jpg\" alt=\"IMG_8309\" \/><\/figure>\n<p><\/a><a data-elementor-open-lightbox=\"yes\" data-elementor-lightbox-slideshow=\"0af58bf\" data-elementor-lightbox-title=\"NCB01053\" href=\"https:\/\/neckar-flug.de\/wp-content\/uploads\/2020\/02\/NCB01053-scaled.jpg\"><\/p>\n<figure><img decoding=\"async\" src=\"https:\/\/neckar-flug.de\/wp-content\/uploads\/2020\/02\/NCB01053-300x200.jpg\" alt=\"NCB01053\" \/><\/figure>\n<p><\/a><a data-elementor-open-lightbox=\"yes\" data-elementor-lightbox-slideshow=\"0af58bf\" data-elementor-lightbox-title=\"IMG_0675\" href=\"https:\/\/neckar-flug.de\/wp-content\/uploads\/2020\/02\/IMG_0675-scaled.jpg\"><\/p>\n<figure><img decoding=\"async\" src=\"https:\/\/neckar-flug.de\/wp-content\/uploads\/2020\/02\/IMG_0675-300x225.jpg\" alt=\"IMG_0675\" \/><\/figure>\n<p><\/a><br \/>\n\t\t\t\t\t\t\t\t\t\t\t\tZur\u00fcck<br \/>\n\t\t\t\t\t\t\t\t\t\t\t\tWeiter<\/p>\n","protected":false},"excerpt":{"rendered":"<p>Freude schenken, das perfekte Ostergeschenk. Einen Rundflug mit der Pioneer 300 \u00fcber Neckar- und Rheintal ist ein unvergessliches Erlebnis. Mehrt\u00e4giges Dauergrinsen inklusive \ud83d\ude42 Gutschein hier bestellen &#8211; Lieferzeit 3 Tage Willkommen bei Neckar-Flug.de Sie haben schon immer vom Fliegen getr\u00e4umt? Frei, wie ein Vogel, im Cockpit eines Ultraleichtflugzeugs \u00fcber Ihr Haus und die Umgebung zu [&hellip;]<\/p>\n","protected":false},"author":1,"featured_media":0,"parent":0,"menu_order":0,"comment_status":"closed","ping_status":"closed","template":"","meta":{"ocean_post_layout":"","ocean_both_sidebars_style":"","ocean_both_sidebars_content_width":0,"ocean_both_sidebars_sidebars_width":0,"ocean_sidebar":"0","ocean_second_sidebar":"0","ocean_disable_margins":"enable","ocean_add_body_class":"","ocean_shortcode_before_top_bar":"","ocean_shortcode_after_top_bar":"","ocean_shortcode_before_header":"","ocean_shortcode_after_header":"","ocean_has_shortcode":"","ocean_shortcode_after_title":"","ocean_shortcode_before_footer_widgets":"","ocean_shortcode_after_footer_widgets":"","ocean_shortcode_before_footer_bottom":"","ocean_shortcode_after_footer_bottom":"","ocean_display_top_bar":"default","ocean_display_header":"default","ocean_header_style":"","ocean_center_header_left_menu":"0","ocean_custom_header_template":"0","ocean_custom_logo":0,"ocean_custom_retina_logo":0,"ocean_custom_logo_max_width":0,"ocean_custom_logo_tablet_max_width":0,"ocean_custom_logo_mobile_max_width":0,"ocean_custom_logo_max_height":0,"ocean_custom_logo_tablet_max_height":0,"ocean_custom_logo_mobile_max_height":0,"ocean_header_custom_menu":"0","ocean_menu_typo_font_family":"0","ocean_menu_typo_font_subset":"","ocean_menu_typo_font_size":0,"ocean_menu_typo_font_size_tablet":0,"ocean_menu_typo_font_size_mobile":0,"ocean_menu_typo_font_size_unit":"px","ocean_menu_typo_font_weight":"","ocean_menu_typo_font_weight_tablet":"","ocean_menu_typo_font_weight_mobile":"","ocean_menu_typo_transform":"","ocean_menu_typo_transform_tablet":"","ocean_menu_typo_transform_mobile":"","ocean_menu_typo_line_height":0,"ocean_menu_typo_line_height_tablet":0,"ocean_menu_typo_line_height_mobile":0,"ocean_menu_typo_line_height_unit":"","ocean_menu_typo_spacing":0,"ocean_menu_typo_spacing_tablet":0,"ocean_menu_typo_spacing_mobile":0,"ocean_menu_typo_spacing_unit":"","ocean_menu_link_color":"","ocean_menu_link_color_hover":"","ocean_menu_link_color_active":"","ocean_menu_link_background":"","ocean_menu_link_hover_background":"","ocean_menu_link_active_background":"","ocean_menu_social_links_bg":"","ocean_menu_social_hover_links_bg":"","ocean_menu_social_links_color":"","ocean_menu_social_hover_links_color":"","ocean_disable_title":"default","ocean_disable_heading":"default","ocean_post_title":"","ocean_post_subheading":"","ocean_post_title_style":"","ocean_post_title_background_color":"","ocean_post_title_background":0,"ocean_post_title_bg_image_position":"","ocean_post_title_bg_image_attachment":"","ocean_post_title_bg_image_repeat":"","ocean_post_title_bg_image_size":"","ocean_post_title_height":0,"ocean_post_title_bg_overlay":0.5,"ocean_post_title_bg_overlay_color":"","ocean_disable_breadcrumbs":"default","ocean_breadcrumbs_color":"","ocean_breadcrumbs_separator_color":"","ocean_breadcrumbs_links_color":"","ocean_breadcrumbs_links_hover_color":"","ocean_display_footer_widgets":"default","ocean_display_footer_bottom":"default","ocean_custom_footer_template":"0","footnotes":""},"class_list":["post-2","page","type-page","status-publish","hentry","entry","owp-thumbs-layout-horizontal","owp-btn-big","owp-tabs-layout-horizontal","has-no-thumbnails","has-product-nav","circle-sale"],"yoast_head":"<!-- This site is optimized with the Yoast SEO plugin v27.5 - https:\/\/yoast.com\/product\/yoast-seo-wordpress\/ -->\n<title>Neckar-Flug - Neckar-Flug.de Rundfl\u00fcge, Lufttaxi, Luftbilder<\/title>\n<meta name=\"robots\" content=\"index, follow, max-snippet:-1, max-image-preview:large, max-video-preview:-1\" \/>\n<link rel=\"canonical\" href=\"https:\/\/neckar-flug.de\/\" \/>\n<meta property=\"og:locale\" content=\"de_DE\" \/>\n<meta property=\"og:type\" content=\"article\" \/>\n<meta property=\"og:title\" content=\"Neckar-Flug - Neckar-Flug.de Rundfl\u00fcge, Lufttaxi, Luftbilder\" \/>\n<meta property=\"og:description\" content=\"Freude schenken, das perfekte Ostergeschenk. Einen Rundflug mit der Pioneer 300 \u00fcber Neckar- und Rheintal ist ein unvergessliches Erlebnis. Mehrt\u00e4giges Dauergrinsen inklusive \ud83d\ude42 Gutschein hier bestellen &#8211; Lieferzeit 3 Tage Willkommen bei Neckar-Flug.de Sie haben schon immer vom Fliegen getr\u00e4umt? Frei, wie ein Vogel, im Cockpit eines Ultraleichtflugzeugs \u00fcber Ihr Haus und die Umgebung zu [&hellip;]\" \/>\n<meta property=\"og:url\" content=\"https:\/\/neckar-flug.de\/\" \/>\n<meta property=\"og:site_name\" content=\"Neckar-Flug.de Rundfl\u00fcge, Lufttaxi, Luftbilder\" \/>\n<meta property=\"article:publisher\" content=\"https:\/\/facebook.com\/neckarflug\" \/>\n<meta property=\"article:modified_time\" content=\"2022-01-30T16:06:31+00:00\" \/>\n<meta property=\"og:image\" content=\"https:\/\/neckar-flug.de\/wp-content\/uploads\/elementor\/thumbs\/423ED487-A293-428B-9A84-FEDACFB3898C-oz0s6kwwhip35ev5rr4cqliq88xvi349mdyvck6zc0.jpeg\" \/>\n<meta name=\"twitter:card\" content=\"summary_large_image\" \/>\n<meta name=\"twitter:site\" content=\"@nils_c_beckmann\" \/>\n<meta name=\"twitter:label1\" content=\"Gesch\u00e4tzte Lesezeit\" \/>\n\t<meta name=\"twitter:data1\" content=\"6\u00a0Minuten\" \/>\n<script type=\"application\/ld+json\" class=\"yoast-schema-graph\">{\"@context\":\"https:\\\/\\\/schema.org\",\"@graph\":[{\"@type\":\"WebPage\",\"@id\":\"https:\\\/\\\/neckar-flug.de\\\/\",\"url\":\"https:\\\/\\\/neckar-flug.de\\\/\",\"name\":\"Neckar-Flug - Neckar-Flug.de Rundfl\u00fcge, Lufttaxi, Luftbilder\",\"isPartOf\":{\"@id\":\"https:\\\/\\\/neckar-flug.de\\\/#website\"},\"primaryImageOfPage\":{\"@id\":\"https:\\\/\\\/neckar-flug.de\\\/#primaryimage\"},\"image\":{\"@id\":\"https:\\\/\\\/neckar-flug.de\\\/#primaryimage\"},\"thumbnailUrl\":\"https:\\\/\\\/neckar-flug.de\\\/wp-content\\\/uploads\\\/elementor\\\/thumbs\\\/423ED487-A293-428B-9A84-FEDACFB3898C-oz0s6kwwhip35ev5rr4cqliq88xvi349mdyvck6zc0.jpeg\",\"datePublished\":\"2020-02-17T08:34:43+00:00\",\"dateModified\":\"2022-01-30T16:06:31+00:00\",\"breadcrumb\":{\"@id\":\"https:\\\/\\\/neckar-flug.de\\\/#breadcrumb\"},\"inLanguage\":\"de\",\"potentialAction\":[{\"@type\":\"ReadAction\",\"target\":[\"https:\\\/\\\/neckar-flug.de\\\/\"]}]},{\"@type\":\"ImageObject\",\"inLanguage\":\"de\",\"@id\":\"https:\\\/\\\/neckar-flug.de\\\/#primaryimage\",\"url\":\"https:\\\/\\\/neckar-flug.de\\\/wp-content\\\/uploads\\\/elementor\\\/thumbs\\\/423ED487-A293-428B-9A84-FEDACFB3898C-oz0s6kwwhip35ev5rr4cqliq88xvi349mdyvck6zc0.jpeg\",\"contentUrl\":\"https:\\\/\\\/neckar-flug.de\\\/wp-content\\\/uploads\\\/elementor\\\/thumbs\\\/423ED487-A293-428B-9A84-FEDACFB3898C-oz0s6kwwhip35ev5rr4cqliq88xvi349mdyvck6zc0.jpeg\"},{\"@type\":\"BreadcrumbList\",\"@id\":\"https:\\\/\\\/neckar-flug.de\\\/#breadcrumb\",\"itemListElement\":[{\"@type\":\"ListItem\",\"position\":1,\"name\":\"Home\",\"item\":\"https:\\\/\\\/neckar-flug.de\\\/\"},{\"@type\":\"ListItem\",\"position\":2,\"name\":\"Neckar-Flug\"}]},{\"@type\":\"WebSite\",\"@id\":\"https:\\\/\\\/neckar-flug.de\\\/#website\",\"url\":\"https:\\\/\\\/neckar-flug.de\\\/\",\"name\":\"Neckar-Flug.de Rundfl\u00fcge, Lufttaxi, Luftbilder, Luftcourir\",\"description\":\"Flugerlebnisse f\u00fcr ganz besondere Menschen\",\"publisher\":{\"@id\":\"https:\\\/\\\/neckar-flug.de\\\/#organization\"},\"potentialAction\":[{\"@type\":\"SearchAction\",\"target\":{\"@type\":\"EntryPoint\",\"urlTemplate\":\"https:\\\/\\\/neckar-flug.de\\\/?s={search_term_string}\"},\"query-input\":{\"@type\":\"PropertyValueSpecification\",\"valueRequired\":true,\"valueName\":\"search_term_string\"}}],\"inLanguage\":\"de\"},{\"@type\":\"Organization\",\"@id\":\"https:\\\/\\\/neckar-flug.de\\\/#organization\",\"name\":\"Neckar-Flug.de\",\"url\":\"https:\\\/\\\/neckar-flug.de\\\/\",\"logo\":{\"@type\":\"ImageObject\",\"inLanguage\":\"de\",\"@id\":\"https:\\\/\\\/neckar-flug.de\\\/#\\\/schema\\\/logo\\\/image\\\/\",\"url\":\"https:\\\/\\\/neckar-flug.de\\\/wp-content\\\/uploads\\\/2020\\\/02\\\/cropped-Logo08-orange-1.png\",\"contentUrl\":\"https:\\\/\\\/neckar-flug.de\\\/wp-content\\\/uploads\\\/2020\\\/02\\\/cropped-Logo08-orange-1.png\",\"width\":5258,\"height\":3880,\"caption\":\"Neckar-Flug.de\"},\"image\":{\"@id\":\"https:\\\/\\\/neckar-flug.de\\\/#\\\/schema\\\/logo\\\/image\\\/\"},\"sameAs\":[\"https:\\\/\\\/facebook.com\\\/neckarflug\",\"https:\\\/\\\/x.com\\\/nils_c_beckmann\",\"https:\\\/\\\/instagram.com\\\/nils_c_beckmann\",\"https:\\\/\\\/www.youtube.com\\\/watch?v=zBIDjAjOCsU&amp;amp;amp;amp;amp;amp;list=PLyuuMPJeylxV6p8dUX1Ci4xobMnETVbao\"]}]}<\/script>\n<!-- \/ Yoast SEO plugin. -->","yoast_head_json":{"title":"Neckar-Flug - Neckar-Flug.de Rundfl\u00fcge, Lufttaxi, Luftbilder","robots":{"index":"index","follow":"follow","max-snippet":"max-snippet:-1","max-image-preview":"max-image-preview:large","max-video-preview":"max-video-preview:-1"},"canonical":"https:\/\/neckar-flug.de\/","og_locale":"de_DE","og_type":"article","og_title":"Neckar-Flug - Neckar-Flug.de Rundfl\u00fcge, Lufttaxi, Luftbilder","og_description":"Freude schenken, das perfekte Ostergeschenk. Einen Rundflug mit der Pioneer 300 \u00fcber Neckar- und Rheintal ist ein unvergessliches Erlebnis. Mehrt\u00e4giges Dauergrinsen inklusive \ud83d\ude42 Gutschein hier bestellen &#8211; Lieferzeit 3 Tage Willkommen bei Neckar-Flug.de Sie haben schon immer vom Fliegen getr\u00e4umt? Frei, wie ein Vogel, im Cockpit eines Ultraleichtflugzeugs \u00fcber Ihr Haus und die Umgebung zu [&hellip;]","og_url":"https:\/\/neckar-flug.de\/","og_site_name":"Neckar-Flug.de Rundfl\u00fcge, Lufttaxi, Luftbilder","article_publisher":"https:\/\/facebook.com\/neckarflug","article_modified_time":"2022-01-30T16:06:31+00:00","og_image":[{"url":"https:\/\/neckar-flug.de\/wp-content\/uploads\/elementor\/thumbs\/423ED487-A293-428B-9A84-FEDACFB3898C-oz0s6kwwhip35ev5rr4cqliq88xvi349mdyvck6zc0.jpeg","type":"","width":"","height":""}],"twitter_card":"summary_large_image","twitter_site":"@nils_c_beckmann","twitter_misc":{"Gesch\u00e4tzte Lesezeit":"6\u00a0Minuten"},"schema":{"@context":"https:\/\/schema.org","@graph":[{"@type":"WebPage","@id":"https:\/\/neckar-flug.de\/","url":"https:\/\/neckar-flug.de\/","name":"Neckar-Flug - Neckar-Flug.de Rundfl\u00fcge, Lufttaxi, Luftbilder","isPartOf":{"@id":"https:\/\/neckar-flug.de\/#website"},"primaryImageOfPage":{"@id":"https:\/\/neckar-flug.de\/#primaryimage"},"image":{"@id":"https:\/\/neckar-flug.de\/#primaryimage"},"thumbnailUrl":"https:\/\/neckar-flug.de\/wp-content\/uploads\/elementor\/thumbs\/423ED487-A293-428B-9A84-FEDACFB3898C-oz0s6kwwhip35ev5rr4cqliq88xvi349mdyvck6zc0.jpeg","datePublished":"2020-02-17T08:34:43+00:00","dateModified":"2022-01-30T16:06:31+00:00","breadcrumb":{"@id":"https:\/\/neckar-flug.de\/#breadcrumb"},"inLanguage":"de","potentialAction":[{"@type":"ReadAction","target":["https:\/\/neckar-flug.de\/"]}]},{"@type":"ImageObject","inLanguage":"de","@id":"https:\/\/neckar-flug.de\/#primaryimage","url":"https:\/\/neckar-flug.de\/wp-content\/uploads\/elementor\/thumbs\/423ED487-A293-428B-9A84-FEDACFB3898C-oz0s6kwwhip35ev5rr4cqliq88xvi349mdyvck6zc0.jpeg","contentUrl":"https:\/\/neckar-flug.de\/wp-content\/uploads\/elementor\/thumbs\/423ED487-A293-428B-9A84-FEDACFB3898C-oz0s6kwwhip35ev5rr4cqliq88xvi349mdyvck6zc0.jpeg"},{"@type":"BreadcrumbList","@id":"https:\/\/neckar-flug.de\/#breadcrumb","itemListElement":[{"@type":"ListItem","position":1,"name":"Home","item":"https:\/\/neckar-flug.de\/"},{"@type":"ListItem","position":2,"name":"Neckar-Flug"}]},{"@type":"WebSite","@id":"https:\/\/neckar-flug.de\/#website","url":"https:\/\/neckar-flug.de\/","name":"Neckar-Flug.de Rundfl\u00fcge, Lufttaxi, Luftbilder, Luftcourir","description":"Flugerlebnisse f\u00fcr ganz besondere Menschen","publisher":{"@id":"https:\/\/neckar-flug.de\/#organization"},"potentialAction":[{"@type":"SearchAction","target":{"@type":"EntryPoint","urlTemplate":"https:\/\/neckar-flug.de\/?s={search_term_string}"},"query-input":{"@type":"PropertyValueSpecification","valueRequired":true,"valueName":"search_term_string"}}],"inLanguage":"de"},{"@type":"Organization","@id":"https:\/\/neckar-flug.de\/#organization","name":"Neckar-Flug.de","url":"https:\/\/neckar-flug.de\/","logo":{"@type":"ImageObject","inLanguage":"de","@id":"https:\/\/neckar-flug.de\/#\/schema\/logo\/image\/","url":"https:\/\/neckar-flug.de\/wp-content\/uploads\/2020\/02\/cropped-Logo08-orange-1.png","contentUrl":"https:\/\/neckar-flug.de\/wp-content\/uploads\/2020\/02\/cropped-Logo08-orange-1.png","width":5258,"height":3880,"caption":"Neckar-Flug.de"},"image":{"@id":"https:\/\/neckar-flug.de\/#\/schema\/logo\/image\/"},"sameAs":["https:\/\/facebook.com\/neckarflug","https:\/\/x.com\/nils_c_beckmann","https:\/\/instagram.com\/nils_c_beckmann","https:\/\/www.youtube.com\/watch?v=zBIDjAjOCsU&amp;amp;amp;amp;amp;amp;list=PLyuuMPJeylxV6p8dUX1Ci4xobMnETVbao"]}]}},"jetpack_sharing_enabled":true,"_links":{"self":[{"href":"https:\/\/neckar-flug.de\/index.php\/wp-json\/wp\/v2\/pages\/2","targetHints":{"allow":["GET"]}}],"collection":[{"href":"https:\/\/neckar-flug.de\/index.php\/wp-json\/wp\/v2\/pages"}],"about":[{"href":"https:\/\/neckar-flug.de\/index.php\/wp-json\/wp\/v2\/types\/page"}],"author":[{"embeddable":true,"href":"https:\/\/neckar-flug.de\/index.php\/wp-json\/wp\/v2\/users\/1"}],"replies":[{"embeddable":true,"href":"https:\/\/neckar-flug.de\/index.php\/wp-json\/wp\/v2\/comments?post=2"}],"version-history":[{"count":62,"href":"https:\/\/neckar-flug.de\/index.php\/wp-json\/wp\/v2\/pages\/2\/revisions"}],"predecessor-version":[{"id":400,"href":"https:\/\/neckar-flug.de\/index.php\/wp-json\/wp\/v2\/pages\/2\/revisions\/400"}],"wp:attachment":[{"href":"https:\/\/neckar-flug.de\/index.php\/wp-json\/wp\/v2\/media?parent=2"}],"curies":[{"name":"wp","href":"https:\/\/api.w.org\/{rel}","templated":true}]}}